{"id":3285,"date":"2022-04-27T09:55:04","date_gmt":"2022-04-27T07:55:04","guid":{"rendered":"https:\/\/www.intergeneraptions.fr\/?page_id=3285"},"modified":"2022-11-21T14:13:37","modified_gmt":"2022-11-21T13:13:37","slug":"web-radio-la-passerelle-hip-hop","status":"publish","type":"page","link":"https:\/\/www.intergeneraptions.fr\/index.php\/web-radio-la-passerelle-hip-hop\/","title":{"rendered":"Web Radio hip hop  La Passerelle"},"content":{"rendered":"\n<p>Vous en avez marre d&rsquo;entendre toujours les m\u00eames morceaux sur les radios grand public ? La Passerelle par <a href=\"https:\/\/www.intergeneraptions.fr\/\" target=\"_blank\" rel=\"noreferrer noopener\">Ignr<\/a> est faite pour vous ! Se voulant \u00eatre la passerelle entre les ann\u00e9es 90 et la p\u00e9riode actuelle, vous trouverez sur cette radio du Hip Hop d&rsquo;hier et d&rsquo;aujourd&rsquo;hui. <\/p>\n\n\n\n<figure class=\"wp-block-image size-large\"><img decoding=\"async\" width=\"1024\" height=\"283\" src=\"https:\/\/www.intergeneraptions.fr\/wp-content\/uploads\/2022\/04\/Banniere-IGNR-1140-1-1024x283.png\" alt=\"\" class=\"wp-image-3290\" srcset=\"https:\/\/www.intergeneraptions.fr\/wp-content\/uploads\/2022\/04\/Banniere-IGNR-1140-1-1024x283.png 1024w, https:\/\/www.intergeneraptions.fr\/wp-content\/uploads\/2022\/04\/Banniere-IGNR-1140-1-300x83.png 300w, https:\/\/www.intergeneraptions.fr\/wp-content\/uploads\/2022\/04\/Banniere-IGNR-1140-1-768x212.png 768w, https:\/\/www.intergeneraptions.fr\/wp-content\/uploads\/2022\/04\/Banniere-IGNR-1140-1.png 1140w\" sizes=\"(max-width: 1024px) 100vw, 1024px\" \/><\/figure>\n\n\n\n<p>Pour \u00e9couter La Passerelle, il vous suffit de cliquer sur le lien ci dessous (Vous pouvez \u00e9galement t\u00e9l\u00e9charger l&rsquo;application \u00ab\u00a0Radioking\u00a0\u00bb et y chercher \u00ab\u00a0La Passerelle\u00a0\u00bbsur votre smartphone).<\/p>\n\n\n\n<p><a href=\"https:\/\/fr.radioking.com\/radio\/la-passerelle\">https:\/\/fr.radioking.com\/radio\/la-passerelle<\/a><\/p>\n\n\n\n<p><\/p>\n","protected":false},"excerpt":{"rendered":"<p>Vous en avez marre d&rsquo;entendre toujours les m\u00eames morceaux sur les radios grand public ? La Passerelle par Ignr est faite pour vous ! Se voulant \u00eatre la passerelle entre les ann\u00e9es 90 et la p\u00e9riode actuelle, vous trouverez sur cette radio du Hip Hop d&rsquo;hier et d&rsquo;aujourd&rsquo;hui. Pour \u00e9couter La Passerelle, il vous suffit [&hellip;]<\/p>\n","protected":false},"author":3,"featured_media":3289,"parent":0,"menu_order":0,"comment_status":"closed","ping_status":"closed","template":"","meta":{"sfsi_plus_gutenberg_text_before_share":"","sfsi_plus_gutenberg_show_text_before_share":"","sfsi_plus_gutenberg_icon_type":"","sfsi_plus_gutenberg_icon_alignemt":"","sfsi_plus_gutenburg_max_per_row":""},"yoast_head":"<!-- This site is optimized with the Yoast SEO plugin v21.8.1 - https:\/\/yoast.com\/wordpress\/plugins\/seo\/ -->\n<title>Web Radio hip hop La Passerelle ~ Interg\u00e9n\u00e9RAPtions<\/title>\n<meta name=\"description\" content=\"Ecoutez La Passerelle, la web radio hip hop. Du son d&#039;hier et d&#039;aujourd&#039;hui en continu. Disponible via l&#039;application Radioking.\" \/>\n<meta name=\"robots\" content=\"index, follow, max-snippet:-1, max-image-preview:large, max-video-preview:-1\" \/>\n<link rel=\"canonical\" href=\"https:\/\/www.intergeneraptions.fr\/index.php\/web-radio-la-passerelle-hip-hop\/\" \/>\n<meta property=\"og:locale\" content=\"fr_FR\" \/>\n<meta property=\"og:type\" content=\"article\" \/>\n<meta property=\"og:title\" content=\"Web Radio hip hop La Passerelle ~ Interg\u00e9n\u00e9RAPtions\" \/>\n<meta property=\"og:description\" content=\"Ecoutez La Passerelle, la web radio hip hop. Du son d&#039;hier et d&#039;aujourd&#039;hui en continu. Disponible via l&#039;application Radioking.\" \/>\n<meta property=\"og:url\" content=\"https:\/\/www.intergeneraptions.fr\/index.php\/web-radio-la-passerelle-hip-hop\/\" \/>\n<meta property=\"og:site_name\" content=\"Interg\u00e9n\u00e9RAPtions\" \/>\n<meta property=\"article:publisher\" content=\"https:\/\/www.facebook.com\/groups\/356667288938395\/\" \/>\n<meta property=\"article:modified_time\" content=\"2022-11-21T13:13:37+00:00\" \/>\n<meta property=\"og:image\" content=\"https:\/\/www.intergeneraptions.fr\/wp-content\/uploads\/2022\/04\/Logo-titre-IGNR-400.png\" \/>\n\t<meta property=\"og:image:width\" content=\"400\" \/>\n\t<meta property=\"og:image:height\" content=\"400\" \/>\n\t<meta property=\"og:image:type\" content=\"image\/png\" \/>\n<meta name=\"twitter:card\" content=\"summary_large_image\" \/>\n<meta name=\"twitter:site\" content=\"@geneRAPtions\" \/>\n<meta name=\"twitter:label1\" content=\"Dur\u00e9e de lecture estim\u00e9e\" \/>\n\t<meta name=\"twitter:data1\" content=\"1 minute\" \/>\n<script type=\"application\/ld+json\" class=\"yoast-schema-graph\">{\"@context\":\"https:\/\/schema.org\",\"@graph\":[{\"@type\":\"WebPage\",\"@id\":\"https:\/\/www.intergeneraptions.fr\/index.php\/web-radio-la-passerelle-hip-hop\/\",\"url\":\"https:\/\/www.intergeneraptions.fr\/index.php\/web-radio-la-passerelle-hip-hop\/\",\"name\":\"Web Radio hip hop La Passerelle ~ Interg\u00e9n\u00e9RAPtions\",\"isPartOf\":{\"@id\":\"https:\/\/www.intergeneraptions.fr\/#website\"},\"datePublished\":\"2022-04-27T07:55:04+00:00\",\"dateModified\":\"2022-11-21T13:13:37+00:00\",\"description\":\"Ecoutez La Passerelle, la web radio hip hop. Du son d'hier et d'aujourd'hui en continu. Disponible via l'application Radioking.\",\"breadcrumb\":{\"@id\":\"https:\/\/www.intergeneraptions.fr\/index.php\/web-radio-la-passerelle-hip-hop\/#breadcrumb\"},\"inLanguage\":\"fr-FR\",\"potentialAction\":[{\"@type\":\"ReadAction\",\"target\":[\"https:\/\/www.intergeneraptions.fr\/index.php\/web-radio-la-passerelle-hip-hop\/\"]}]},{\"@type\":\"BreadcrumbList\",\"@id\":\"https:\/\/www.intergeneraptions.fr\/index.php\/web-radio-la-passerelle-hip-hop\/#breadcrumb\",\"itemListElement\":[{\"@type\":\"ListItem\",\"position\":1,\"name\":\"Accueil\",\"item\":\"https:\/\/www.intergeneraptions.fr\/\"},{\"@type\":\"ListItem\",\"position\":2,\"name\":\"Web Radio hip hop La Passerelle\"}]},{\"@type\":\"WebSite\",\"@id\":\"https:\/\/www.intergeneraptions.fr\/#website\",\"url\":\"https:\/\/www.intergeneraptions.fr\/\",\"name\":\"Interg\u00e9n\u00e9RAPtions\",\"description\":\"Le rap, c\u2019\u00e9tait pas mieux avant ! C\u2019est mieux tout le temps !\",\"publisher\":{\"@id\":\"https:\/\/www.intergeneraptions.fr\/#organization\"},\"potentialAction\":[{\"@type\":\"SearchAction\",\"target\":{\"@type\":\"EntryPoint\",\"urlTemplate\":\"https:\/\/www.intergeneraptions.fr\/?s={search_term_string}\"},\"query-input\":\"required name=search_term_string\"}],\"inLanguage\":\"fr-FR\"},{\"@type\":\"Organization\",\"@id\":\"https:\/\/www.intergeneraptions.fr\/#organization\",\"name\":\"interg\u00e9n\u00e9raptions\",\"url\":\"https:\/\/www.intergeneraptions.fr\/\",\"logo\":{\"@type\":\"ImageObject\",\"inLanguage\":\"fr-FR\",\"@id\":\"https:\/\/www.intergeneraptions.fr\/#\/schema\/logo\/image\/\",\"url\":\"https:\/\/www.intergeneraptions.fr\/wp-content\/uploads\/2021\/09\/70ED2AAD-E4F0-432B-B087-18C64C84BBFC.png\",\"contentUrl\":\"https:\/\/www.intergeneraptions.fr\/wp-content\/uploads\/2021\/09\/70ED2AAD-E4F0-432B-B087-18C64C84BBFC.png\",\"width\":800,\"height\":800,\"caption\":\"interg\u00e9n\u00e9raptions\"},\"image\":{\"@id\":\"https:\/\/www.intergeneraptions.fr\/#\/schema\/logo\/image\/\"},\"sameAs\":[\"https:\/\/www.facebook.com\/groups\/356667288938395\/\",\"https:\/\/twitter.com\/geneRAPtions\",\"https:\/\/www.instagram.com\/intergeneraptions\/\",\"https:\/\/www.youtube.com\/channel\/UCmhtTzMznDIWcXqBiviQhbA\"]}]}<\/script>\n<!-- \/ Yoast SEO plugin. -->","yoast_head_json":{"title":"Web Radio hip hop La Passerelle ~ Interg\u00e9n\u00e9RAPtions","description":"Ecoutez La Passerelle, la web radio hip hop. Du son d'hier et d'aujourd'hui en continu. Disponible via l'application Radioking.","robots":{"index":"index","follow":"follow","max-snippet":"max-snippet:-1","max-image-preview":"max-image-preview:large","max-video-preview":"max-video-preview:-1"},"canonical":"https:\/\/www.intergeneraptions.fr\/index.php\/web-radio-la-passerelle-hip-hop\/","og_locale":"fr_FR","og_type":"article","og_title":"Web Radio hip hop La Passerelle ~ Interg\u00e9n\u00e9RAPtions","og_description":"Ecoutez La Passerelle, la web radio hip hop. Du son d'hier et d'aujourd'hui en continu. Disponible via l'application Radioking.","og_url":"https:\/\/www.intergeneraptions.fr\/index.php\/web-radio-la-passerelle-hip-hop\/","og_site_name":"Interg\u00e9n\u00e9RAPtions","article_publisher":"https:\/\/www.facebook.com\/groups\/356667288938395\/","article_modified_time":"2022-11-21T13:13:37+00:00","og_image":[{"width":400,"height":400,"url":"https:\/\/www.intergeneraptions.fr\/wp-content\/uploads\/2022\/04\/Logo-titre-IGNR-400.png","type":"image\/png"}],"twitter_card":"summary_large_image","twitter_site":"@geneRAPtions","twitter_misc":{"Dur\u00e9e de lecture estim\u00e9e":"1 minute"},"schema":{"@context":"https:\/\/schema.org","@graph":[{"@type":"WebPage","@id":"https:\/\/www.intergeneraptions.fr\/index.php\/web-radio-la-passerelle-hip-hop\/","url":"https:\/\/www.intergeneraptions.fr\/index.php\/web-radio-la-passerelle-hip-hop\/","name":"Web Radio hip hop La Passerelle ~ Interg\u00e9n\u00e9RAPtions","isPartOf":{"@id":"https:\/\/www.intergeneraptions.fr\/#website"},"datePublished":"2022-04-27T07:55:04+00:00","dateModified":"2022-11-21T13:13:37+00:00","description":"Ecoutez La Passerelle, la web radio hip hop. Du son d'hier et d'aujourd'hui en continu. Disponible via l'application Radioking.","breadcrumb":{"@id":"https:\/\/www.intergeneraptions.fr\/index.php\/web-radio-la-passerelle-hip-hop\/#breadcrumb"},"inLanguage":"fr-FR","potentialAction":[{"@type":"ReadAction","target":["https:\/\/www.intergeneraptions.fr\/index.php\/web-radio-la-passerelle-hip-hop\/"]}]},{"@type":"BreadcrumbList","@id":"https:\/\/www.intergeneraptions.fr\/index.php\/web-radio-la-passerelle-hip-hop\/#breadcrumb","itemListElement":[{"@type":"ListItem","position":1,"name":"Accueil","item":"https:\/\/www.intergeneraptions.fr\/"},{"@type":"ListItem","position":2,"name":"Web Radio hip hop La Passerelle"}]},{"@type":"WebSite","@id":"https:\/\/www.intergeneraptions.fr\/#website","url":"https:\/\/www.intergeneraptions.fr\/","name":"Interg\u00e9n\u00e9RAPtions","description":"Le rap, c\u2019\u00e9tait pas mieux avant ! C\u2019est mieux tout le temps !","publisher":{"@id":"https:\/\/www.intergeneraptions.fr\/#organization"},"potentialAction":[{"@type":"SearchAction","target":{"@type":"EntryPoint","urlTemplate":"https:\/\/www.intergeneraptions.fr\/?s={search_term_string}"},"query-input":"required name=search_term_string"}],"inLanguage":"fr-FR"},{"@type":"Organization","@id":"https:\/\/www.intergeneraptions.fr\/#organization","name":"interg\u00e9n\u00e9raptions","url":"https:\/\/www.intergeneraptions.fr\/","logo":{"@type":"ImageObject","inLanguage":"fr-FR","@id":"https:\/\/www.intergeneraptions.fr\/#\/schema\/logo\/image\/","url":"https:\/\/www.intergeneraptions.fr\/wp-content\/uploads\/2021\/09\/70ED2AAD-E4F0-432B-B087-18C64C84BBFC.png","contentUrl":"https:\/\/www.intergeneraptions.fr\/wp-content\/uploads\/2021\/09\/70ED2AAD-E4F0-432B-B087-18C64C84BBFC.png","width":800,"height":800,"caption":"interg\u00e9n\u00e9raptions"},"image":{"@id":"https:\/\/www.intergeneraptions.fr\/#\/schema\/logo\/image\/"},"sameAs":["https:\/\/www.facebook.com\/groups\/356667288938395\/","https:\/\/twitter.com\/geneRAPtions","https:\/\/www.instagram.com\/intergeneraptions\/","https:\/\/www.youtube.com\/channel\/UCmhtTzMznDIWcXqBiviQhbA"]}]}},"jetpack_sharing_enabled":true,"_links":{"self":[{"href":"https:\/\/www.intergeneraptions.fr\/index.php\/wp-json\/wp\/v2\/pages\/3285"}],"collection":[{"href":"https:\/\/www.intergeneraptions.fr\/index.php\/wp-json\/wp\/v2\/pages"}],"about":[{"href":"https:\/\/www.intergeneraptions.fr\/index.php\/wp-json\/wp\/v2\/types\/page"}],"author":[{"embeddable":true,"href":"https:\/\/www.intergeneraptions.fr\/index.php\/wp-json\/wp\/v2\/users\/3"}],"replies":[{"embeddable":true,"href":"https:\/\/www.intergeneraptions.fr\/index.php\/wp-json\/wp\/v2\/comments?post=3285"}],"version-history":[{"count":4,"href":"https:\/\/www.intergeneraptions.fr\/index.php\/wp-json\/wp\/v2\/pages\/3285\/revisions"}],"predecessor-version":[{"id":4047,"href":"https:\/\/www.intergeneraptions.fr\/index.php\/wp-json\/wp\/v2\/pages\/3285\/revisions\/4047"}],"wp:featuredmedia":[{"embeddable":true,"href":"https:\/\/www.intergeneraptions.fr\/index.php\/wp-json\/wp\/v2\/media\/3289"}],"wp:attachment":[{"href":"https:\/\/www.intergeneraptions.fr\/index.php\/wp-json\/wp\/v2\/media?parent=3285"}],"curies":[{"name":"wp","href":"https:\/\/api.w.org\/{rel}","templated":true}]}}