{"id":6,"date":"2021-04-16T17:47:42","date_gmt":"2021-04-16T15:47:42","guid":{"rendered":"http:\/\/diulbsi.cluster030.hosting.ovh.net\/?page_id=6"},"modified":"2022-12-15T23:56:39","modified_gmt":"2022-12-15T22:56:39","slug":"intergeneraptions-chroniques-articles-interviews-rap","status":"publish","type":"page","link":"https:\/\/www.intergeneraptions.fr\/","title":{"rendered":"Interg\u00e9n\u00e9RAPtions"},"content":{"rendered":"\n<div class=\"wp-block-columns is-layout-flex wp-container-2\">\n<div class=\"wp-block-column is-layout-flow\" style=\"flex-basis:100%\"><ul class=\"wp-block-latest-posts__list has-dates aligncenter wp-block-latest-posts\"><li><div class=\"wp-block-latest-posts__featured-image aligncenter\"><a href=\"https:\/\/www.intergeneraptions.fr\/index.php\/2024\/01\/16\/2023-les-producteurs-aux-pouvoirs\/\" aria-label=\"2023 : Les producteurs aux pouvoirs\"><img width=\"580\" height=\"290\" src=\"https:\/\/www.intergeneraptions.fr\/wp-content\/uploads\/2024\/01\/MINIATURE-PRODUCTEURS-SITE.jpg\" class=\"attachment-large size-large wp-post-image\" alt=\"\" decoding=\"async\" style=\"\" srcset=\"https:\/\/www.intergeneraptions.fr\/wp-content\/uploads\/2024\/01\/MINIATURE-PRODUCTEURS-SITE.jpg 1024w, https:\/\/www.intergeneraptions.fr\/wp-content\/uploads\/2024\/01\/MINIATURE-PRODUCTEURS-SITE-300x150.jpg 300w, https:\/\/www.intergeneraptions.fr\/wp-content\/uploads\/2024\/01\/MINIATURE-PRODUCTEURS-SITE-768x384.jpg 768w\" sizes=\"(max-width: 580px) 100vw, 580px\" \/><\/a><\/div><a class=\"wp-block-latest-posts__post-title\" href=\"https:\/\/www.intergeneraptions.fr\/index.php\/2024\/01\/16\/2023-les-producteurs-aux-pouvoirs\/\">2023 : Les producteurs aux pouvoirs<\/a><time datetime=\"2024-01-16T17:00:00+01:00\" class=\"wp-block-latest-posts__post-date\">16 janvier 2024<\/time><div class=\"wp-block-latest-posts__post-excerpt\">2023 a \u00e9t\u00e9 une ann\u00e9e prolifique pour le rap fran\u00e7ais. Tant d\u2019un point de vue, commercial \u2013 chiffres de ventes, concerts -, que musicalement. Gr\u00e2ce \u00e0 la richesse des propositions musicales, le rap francophone n\u2019a jamais \u00e9t\u00e9 aussi polymorphe. Et [&hellip;]<\/div><\/li>\n<li><div class=\"wp-block-latest-posts__featured-image aligncenter\"><a href=\"https:\/\/www.intergeneraptions.fr\/index.php\/2024\/01\/12\/2023-orchestre-cerbere-altarba\/\" aria-label=\"L\u2019orchestre cerb\u00e8re d\u2019Al\u2019Tarba\"><img width=\"580\" height=\"290\" src=\"https:\/\/www.intergeneraptions.fr\/wp-content\/uploads\/2023\/12\/MINIATURE-IGNR-ALTARBA-SITE.jpg\" class=\"attachment-large size-large wp-post-image\" alt=\"\" decoding=\"async\" style=\"\" srcset=\"https:\/\/www.intergeneraptions.fr\/wp-content\/uploads\/2023\/12\/MINIATURE-IGNR-ALTARBA-SITE.jpg 1024w, https:\/\/www.intergeneraptions.fr\/wp-content\/uploads\/2023\/12\/MINIATURE-IGNR-ALTARBA-SITE-300x150.jpg 300w, https:\/\/www.intergeneraptions.fr\/wp-content\/uploads\/2023\/12\/MINIATURE-IGNR-ALTARBA-SITE-768x384.jpg 768w\" sizes=\"(max-width: 580px) 100vw, 580px\" \/><\/a><\/div><a class=\"wp-block-latest-posts__post-title\" href=\"https:\/\/www.intergeneraptions.fr\/index.php\/2024\/01\/12\/2023-orchestre-cerbere-altarba\/\">L\u2019orchestre cerb\u00e8re d\u2019Al\u2019Tarba<\/a><time datetime=\"2024-01-12T17:00:00+01:00\" class=\"wp-block-latest-posts__post-date\">12 janvier 2024<\/time><div class=\"wp-block-latest-posts__post-excerpt\">Al&rsquo;Tarba continue de creuser son sillon musical. Fin 2022, le producteur hyper prolifique, a donn\u00e9 un concert avec des musiciens de l&rsquo;\u00c9cole Sup\u00e9rieure de musique de Bourgogne-Franche-Comt\u00e9. Au cours de l&rsquo;ann\u00e9e, plusieurs extraits ont \u00e9t\u00e9 publi\u00e9 sur YouTube. Une mani\u00e8re [&hellip;]<\/div><\/li>\n<li><div class=\"wp-block-latest-posts__featured-image aligncenter\"><a href=\"https:\/\/www.intergeneraptions.fr\/index.php\/2023\/12\/26\/ne-nous-parlez-pas-de-rap-de-niche\/\" aria-label=\"Ne nous parlez pas de rap de niche !\"><img width=\"580\" height=\"290\" src=\"https:\/\/www.intergeneraptions.fr\/wp-content\/uploads\/2023\/12\/minia-rap-de-niche.png\" class=\"attachment-large size-large wp-post-image\" alt=\"\" decoding=\"async\" style=\"\" srcset=\"https:\/\/www.intergeneraptions.fr\/wp-content\/uploads\/2023\/12\/minia-rap-de-niche.png 1024w, https:\/\/www.intergeneraptions.fr\/wp-content\/uploads\/2023\/12\/minia-rap-de-niche-300x150.png 300w, https:\/\/www.intergeneraptions.fr\/wp-content\/uploads\/2023\/12\/minia-rap-de-niche-768x384.png 768w\" sizes=\"(max-width: 580px) 100vw, 580px\" \/><\/a><\/div><a class=\"wp-block-latest-posts__post-title\" href=\"https:\/\/www.intergeneraptions.fr\/index.php\/2023\/12\/26\/ne-nous-parlez-pas-de-rap-de-niche\/\">Ne nous parlez pas de rap de niche !<\/a><time datetime=\"2023-12-26T14:30:00+01:00\" class=\"wp-block-latest-posts__post-date\">26 d\u00e9cembre 2023<\/time><div class=\"wp-block-latest-posts__post-excerpt\">On ne cesse de nous le r\u00e9p\u00e9ter, le rap est le genre musical num\u00e9ro 1 en France. Au cours de ces dix derni\u00e8res ann\u00e9es, cette musique a connu des \u00e9volutions majeures et est riche de plusieurs sous-genres. Dans ceux-ci, on [&hellip;]<\/div><\/li>\n<li><div class=\"wp-block-latest-posts__featured-image aligncenter\"><a href=\"https:\/\/www.intergeneraptions.fr\/index.php\/2023\/11\/22\/rocca-x-kohndo-hors-du-monde-ou-au-dessus-de-celui-ci\/\" aria-label=\"Rocca x Kohndo:  Hors du monde ou au-dessus de celui-ci\u00a0\"><img width=\"580\" height=\"290\" src=\"https:\/\/www.intergeneraptions.fr\/wp-content\/uploads\/2023\/11\/ROCCA-KOHNDO.jpg\" class=\"attachment-large size-large wp-post-image\" alt=\"Rocca Kohndo retour carri\u00e8re anciens La Cliqua\" decoding=\"async\" style=\"\" srcset=\"https:\/\/www.intergeneraptions.fr\/wp-content\/uploads\/2023\/11\/ROCCA-KOHNDO.jpg 1024w, https:\/\/www.intergeneraptions.fr\/wp-content\/uploads\/2023\/11\/ROCCA-KOHNDO-300x150.jpg 300w, https:\/\/www.intergeneraptions.fr\/wp-content\/uploads\/2023\/11\/ROCCA-KOHNDO-768x384.jpg 768w\" sizes=\"(max-width: 580px) 100vw, 580px\" \/><\/a><\/div><a class=\"wp-block-latest-posts__post-title\" href=\"https:\/\/www.intergeneraptions.fr\/index.php\/2023\/11\/22\/rocca-x-kohndo-hors-du-monde-ou-au-dessus-de-celui-ci\/\">Rocca x Kohndo:  Hors du monde ou au-dessus de celui-ci\u00a0<\/a><time datetime=\"2023-11-22T17:00:00+01:00\" class=\"wp-block-latest-posts__post-date\">22 novembre 2023<\/time><div class=\"wp-block-latest-posts__post-excerpt\">En 2023, l&rsquo;esprit de La Cliqua est toujours vivant. CIMARRON pour Rocca et pour Kohndo, Plus Haut Que La Tour Eiffel. Deux albums sortis cette ann\u00e9e qui racontent le chemin parcouru par deux \u00e9minemment rappeurs. Retour sur les carri\u00e8res d&rsquo;anciens [&hellip;]<\/div><\/li>\n<li><div class=\"wp-block-latest-posts__featured-image aligncenter\"><a href=\"https:\/\/www.intergeneraptions.fr\/index.php\/2023\/11\/03\/bavaz-crimeapple-la-devise-internationale-clip-video-2023\/\" aria-label=\"Bavaz x CRIMEAPPLE : La devise internationale\"><img width=\"580\" height=\"268\" src=\"https:\/\/www.intergeneraptions.fr\/wp-content\/uploads\/2023\/11\/WhatsApp-Image-2023-11-02-a-17.33.55_32f4f92a-1024x474.jpg\" class=\"attachment-large size-large wp-post-image\" alt=\"\" decoding=\"async\" style=\"\" srcset=\"https:\/\/www.intergeneraptions.fr\/wp-content\/uploads\/2023\/11\/WhatsApp-Image-2023-11-02-a-17.33.55_32f4f92a-1024x474.jpg 1024w, https:\/\/www.intergeneraptions.fr\/wp-content\/uploads\/2023\/11\/WhatsApp-Image-2023-11-02-a-17.33.55_32f4f92a-300x139.jpg 300w, https:\/\/www.intergeneraptions.fr\/wp-content\/uploads\/2023\/11\/WhatsApp-Image-2023-11-02-a-17.33.55_32f4f92a-768x355.jpg 768w, https:\/\/www.intergeneraptions.fr\/wp-content\/uploads\/2023\/11\/WhatsApp-Image-2023-11-02-a-17.33.55_32f4f92a-1536x710.jpg 1536w, https:\/\/www.intergeneraptions.fr\/wp-content\/uploads\/2023\/11\/WhatsApp-Image-2023-11-02-a-17.33.55_32f4f92a-1200x555.jpg 1200w, https:\/\/www.intergeneraptions.fr\/wp-content\/uploads\/2023\/11\/WhatsApp-Image-2023-11-02-a-17.33.55_32f4f92a.jpg 1600w\" sizes=\"(max-width: 580px) 100vw, 580px\" \/><\/a><\/div><a class=\"wp-block-latest-posts__post-title\" href=\"https:\/\/www.intergeneraptions.fr\/index.php\/2023\/11\/03\/bavaz-crimeapple-la-devise-internationale-clip-video-2023\/\">Bavaz x CRIMEAPPLE : La devise internationale<\/a><time datetime=\"2023-11-03T17:00:00+01:00\" class=\"wp-block-latest-posts__post-date\">3 novembre 2023<\/time><div class=\"wp-block-latest-posts__post-excerpt\">Le rappeur Bavaz, anciennement Bazoo a convi\u00e9 CRIMEAPPLE, pour une connexion US d&rsquo;exception. Sorti fin septembre, le clip fait \u00e9talage de rimes cisel\u00e9es dans une ambiance poisseuse, s&rsquo;inscrivant dans la sc\u00e8ne drumless. Bazoo , passif du march\u00e9&nbsp; La foisonnante \u00e9mulation [&hellip;]<\/div><\/li>\n<\/ul><\/div>\n<\/div>\n","protected":false},"excerpt":{"rendered":"","protected":false},"author":1,"featured_media":0,"parent":0,"menu_order":0,"comment_status":"closed","ping_status":"closed","template":"","meta":{"sfsi_plus_gutenberg_text_before_share":"","sfsi_plus_gutenberg_show_text_before_share":"","sfsi_plus_gutenberg_icon_type":"","sfsi_plus_gutenberg_icon_alignemt":"","sfsi_plus_gutenburg_max_per_row":""},"yoast_head":"<!-- This site is optimized with the Yoast SEO plugin v21.8.1 - https:\/\/yoast.com\/wordpress\/plugins\/seo\/ -->\n<title>Interg\u00e9n\u00e9RAPtions ~ Interg\u00e9n\u00e9RAPtions<\/title>\n<meta name=\"description\" content=\"Bienvenu sur le site internet d\u2019Interg\u00e9n\u00e9RAPtions,la passerelle entre le rap des ann\u00e9es 90&#039; et aujourd\u2019hui. Chroniques, articles, interviews rap\" \/>\n<meta name=\"robots\" content=\"index, follow, max-snippet:-1, max-image-preview:large, max-video-preview:-1\" \/>\n<link rel=\"canonical\" href=\"https:\/\/www.intergeneraptions.fr\/\" \/>\n<meta property=\"og:locale\" content=\"fr_FR\" \/>\n<meta property=\"og:type\" content=\"article\" \/>\n<meta property=\"og:title\" content=\"Interg\u00e9n\u00e9RAPtions ~ Interg\u00e9n\u00e9RAPtions\" \/>\n<meta property=\"og:description\" content=\"Bienvenu sur le site internet d\u2019Interg\u00e9n\u00e9RAPtions,la passerelle entre le rap des ann\u00e9es 90&#039; et aujourd\u2019hui. Chroniques, articles, interviews rap\" \/>\n<meta property=\"og:url\" content=\"https:\/\/www.intergeneraptions.fr\/\" \/>\n<meta property=\"og:site_name\" content=\"Interg\u00e9n\u00e9RAPtions\" \/>\n<meta property=\"article:publisher\" content=\"https:\/\/www.facebook.com\/groups\/356667288938395\/\" \/>\n<meta property=\"article:modified_time\" content=\"2022-12-15T22:56:39+00:00\" \/>\n<meta name=\"twitter:card\" content=\"summary_large_image\" \/>\n<meta name=\"twitter:site\" content=\"@geneRAPtions\" \/>\n<script type=\"application\/ld+json\" class=\"yoast-schema-graph\">{\"@context\":\"https:\/\/schema.org\",\"@graph\":[{\"@type\":\"WebPage\",\"@id\":\"https:\/\/www.intergeneraptions.fr\/\",\"url\":\"https:\/\/www.intergeneraptions.fr\/\",\"name\":\"Interg\u00e9n\u00e9RAPtions ~ Interg\u00e9n\u00e9RAPtions\",\"isPartOf\":{\"@id\":\"https:\/\/www.intergeneraptions.fr\/#website\"},\"datePublished\":\"2021-04-16T15:47:42+00:00\",\"dateModified\":\"2022-12-15T22:56:39+00:00\",\"description\":\"Bienvenu sur le site internet d\u2019Interg\u00e9n\u00e9RAPtions,la passerelle entre le rap des ann\u00e9es 90' et aujourd\u2019hui. Chroniques, articles, interviews rap\",\"breadcrumb\":{\"@id\":\"https:\/\/www.intergeneraptions.fr\/#breadcrumb\"},\"inLanguage\":\"fr-FR\",\"potentialAction\":[{\"@type\":\"ReadAction\",\"target\":[\"https:\/\/www.intergeneraptions.fr\/\"]}]},{\"@type\":\"BreadcrumbList\",\"@id\":\"https:\/\/www.intergeneraptions.fr\/#breadcrumb\",\"itemListElement\":[{\"@type\":\"ListItem\",\"position\":1,\"name\":\"Accueil\",\"item\":\"https:\/\/www.intergeneraptions.fr\/\"},{\"@type\":\"ListItem\",\"position\":2,\"name\":\"Interg\u00e9n\u00e9RAPtions\"}]},{\"@type\":\"WebSite\",\"@id\":\"https:\/\/www.intergeneraptions.fr\/#website\",\"url\":\"https:\/\/www.intergeneraptions.fr\/\",\"name\":\"Interg\u00e9n\u00e9RAPtions\",\"description\":\"Le rap, c\u2019\u00e9tait pas mieux avant ! C\u2019est mieux tout le temps !\",\"publisher\":{\"@id\":\"https:\/\/www.intergeneraptions.fr\/#organization\"},\"potentialAction\":[{\"@type\":\"SearchAction\",\"target\":{\"@type\":\"EntryPoint\",\"urlTemplate\":\"https:\/\/www.intergeneraptions.fr\/?s={search_term_string}\"},\"query-input\":\"required name=search_term_string\"}],\"inLanguage\":\"fr-FR\"},{\"@type\":\"Organization\",\"@id\":\"https:\/\/www.intergeneraptions.fr\/#organization\",\"name\":\"interg\u00e9n\u00e9raptions\",\"url\":\"https:\/\/www.intergeneraptions.fr\/\",\"logo\":{\"@type\":\"ImageObject\",\"inLanguage\":\"fr-FR\",\"@id\":\"https:\/\/www.intergeneraptions.fr\/#\/schema\/logo\/image\/\",\"url\":\"https:\/\/www.intergeneraptions.fr\/wp-content\/uploads\/2021\/09\/70ED2AAD-E4F0-432B-B087-18C64C84BBFC.png\",\"contentUrl\":\"https:\/\/www.intergeneraptions.fr\/wp-content\/uploads\/2021\/09\/70ED2AAD-E4F0-432B-B087-18C64C84BBFC.png\",\"width\":800,\"height\":800,\"caption\":\"interg\u00e9n\u00e9raptions\"},\"image\":{\"@id\":\"https:\/\/www.intergeneraptions.fr\/#\/schema\/logo\/image\/\"},\"sameAs\":[\"https:\/\/www.facebook.com\/groups\/356667288938395\/\",\"https:\/\/twitter.com\/geneRAPtions\",\"https:\/\/www.instagram.com\/intergeneraptions\/\",\"https:\/\/www.youtube.com\/channel\/UCmhtTzMznDIWcXqBiviQhbA\"]}]}<\/script>\n<!-- \/ Yoast SEO plugin. -->","yoast_head_json":{"title":"Interg\u00e9n\u00e9RAPtions ~ Interg\u00e9n\u00e9RAPtions","description":"Bienvenu sur le site internet d\u2019Interg\u00e9n\u00e9RAPtions,la passerelle entre le rap des ann\u00e9es 90' et aujourd\u2019hui. Chroniques, articles, interviews rap","robots":{"index":"index","follow":"follow","max-snippet":"max-snippet:-1","max-image-preview":"max-image-preview:large","max-video-preview":"max-video-preview:-1"},"canonical":"https:\/\/www.intergeneraptions.fr\/","og_locale":"fr_FR","og_type":"article","og_title":"Interg\u00e9n\u00e9RAPtions ~ Interg\u00e9n\u00e9RAPtions","og_description":"Bienvenu sur le site internet d\u2019Interg\u00e9n\u00e9RAPtions,la passerelle entre le rap des ann\u00e9es 90' et aujourd\u2019hui. Chroniques, articles, interviews rap","og_url":"https:\/\/www.intergeneraptions.fr\/","og_site_name":"Interg\u00e9n\u00e9RAPtions","article_publisher":"https:\/\/www.facebook.com\/groups\/356667288938395\/","article_modified_time":"2022-12-15T22:56:39+00:00","twitter_card":"summary_large_image","twitter_site":"@geneRAPtions","schema":{"@context":"https:\/\/schema.org","@graph":[{"@type":"WebPage","@id":"https:\/\/www.intergeneraptions.fr\/","url":"https:\/\/www.intergeneraptions.fr\/","name":"Interg\u00e9n\u00e9RAPtions ~ Interg\u00e9n\u00e9RAPtions","isPartOf":{"@id":"https:\/\/www.intergeneraptions.fr\/#website"},"datePublished":"2021-04-16T15:47:42+00:00","dateModified":"2022-12-15T22:56:39+00:00","description":"Bienvenu sur le site internet d\u2019Interg\u00e9n\u00e9RAPtions,la passerelle entre le rap des ann\u00e9es 90' et aujourd\u2019hui. Chroniques, articles, interviews rap","breadcrumb":{"@id":"https:\/\/www.intergeneraptions.fr\/#breadcrumb"},"inLanguage":"fr-FR","potentialAction":[{"@type":"ReadAction","target":["https:\/\/www.intergeneraptions.fr\/"]}]},{"@type":"BreadcrumbList","@id":"https:\/\/www.intergeneraptions.fr\/#breadcrumb","itemListElement":[{"@type":"ListItem","position":1,"name":"Accueil","item":"https:\/\/www.intergeneraptions.fr\/"},{"@type":"ListItem","position":2,"name":"Interg\u00e9n\u00e9RAPtions"}]},{"@type":"WebSite","@id":"https:\/\/www.intergeneraptions.fr\/#website","url":"https:\/\/www.intergeneraptions.fr\/","name":"Interg\u00e9n\u00e9RAPtions","description":"Le rap, c\u2019\u00e9tait pas mieux avant ! C\u2019est mieux tout le temps !","publisher":{"@id":"https:\/\/www.intergeneraptions.fr\/#organization"},"potentialAction":[{"@type":"SearchAction","target":{"@type":"EntryPoint","urlTemplate":"https:\/\/www.intergeneraptions.fr\/?s={search_term_string}"},"query-input":"required name=search_term_string"}],"inLanguage":"fr-FR"},{"@type":"Organization","@id":"https:\/\/www.intergeneraptions.fr\/#organization","name":"interg\u00e9n\u00e9raptions","url":"https:\/\/www.intergeneraptions.fr\/","logo":{"@type":"ImageObject","inLanguage":"fr-FR","@id":"https:\/\/www.intergeneraptions.fr\/#\/schema\/logo\/image\/","url":"https:\/\/www.intergeneraptions.fr\/wp-content\/uploads\/2021\/09\/70ED2AAD-E4F0-432B-B087-18C64C84BBFC.png","contentUrl":"https:\/\/www.intergeneraptions.fr\/wp-content\/uploads\/2021\/09\/70ED2AAD-E4F0-432B-B087-18C64C84BBFC.png","width":800,"height":800,"caption":"interg\u00e9n\u00e9raptions"},"image":{"@id":"https:\/\/www.intergeneraptions.fr\/#\/schema\/logo\/image\/"},"sameAs":["https:\/\/www.facebook.com\/groups\/356667288938395\/","https:\/\/twitter.com\/geneRAPtions","https:\/\/www.instagram.com\/intergeneraptions\/","https:\/\/www.youtube.com\/channel\/UCmhtTzMznDIWcXqBiviQhbA"]}]}},"jetpack_sharing_enabled":true,"_links":{"self":[{"href":"https:\/\/www.intergeneraptions.fr\/index.php\/wp-json\/wp\/v2\/pages\/6"}],"collection":[{"href":"https:\/\/www.intergeneraptions.fr\/index.php\/wp-json\/wp\/v2\/pages"}],"about":[{"href":"https:\/\/www.intergeneraptions.fr\/index.php\/wp-json\/wp\/v2\/types\/page"}],"author":[{"embeddable":true,"href":"https:\/\/www.intergeneraptions.fr\/index.php\/wp-json\/wp\/v2\/users\/1"}],"replies":[{"embeddable":true,"href":"https:\/\/www.intergeneraptions.fr\/index.php\/wp-json\/wp\/v2\/comments?post=6"}],"version-history":[{"count":29,"href":"https:\/\/www.intergeneraptions.fr\/index.php\/wp-json\/wp\/v2\/pages\/6\/revisions"}],"predecessor-version":[{"id":4187,"href":"https:\/\/www.intergeneraptions.fr\/index.php\/wp-json\/wp\/v2\/pages\/6\/revisions\/4187"}],"wp:attachment":[{"href":"https:\/\/www.intergeneraptions.fr\/index.php\/wp-json\/wp\/v2\/media?parent=6"}],"curies":[{"name":"wp","href":"https:\/\/api.w.org\/{rel}","templated":true}]}}