{"id":8,"date":"2021-04-16T17:48:33","date_gmt":"2021-04-16T15:48:33","guid":{"rendered":"http:\/\/diulbsi.cluster030.hosting.ovh.net\/?page_id=8"},"modified":"2021-05-19T16:37:25","modified_gmt":"2021-05-19T14:37:25","slug":"a-propos","status":"publish","type":"page","link":"https:\/\/www.intergeneraptions.fr\/index.php\/a-propos\/","title":{"rendered":"\u00c0 Propos"},"content":{"rendered":"\n<div class=\"wp-block-image is-style-rounded\"><figure class=\"aligncenter size-large is-resized\"><img decoding=\"async\" src=\"http:\/\/diulbsi.cluster030.hosting.ovh.net\/wp-content\/uploads\/2021\/05\/Nous.png\" alt=\"\" class=\"wp-image-217\" width=\"363\" height=\"363\" srcset=\"https:\/\/www.intergeneraptions.fr\/wp-content\/uploads\/2021\/05\/Nous.png 1000w, https:\/\/www.intergeneraptions.fr\/wp-content\/uploads\/2021\/05\/Nous-300x300.png 300w, https:\/\/www.intergeneraptions.fr\/wp-content\/uploads\/2021\/05\/Nous-150x150.png 150w, https:\/\/www.intergeneraptions.fr\/wp-content\/uploads\/2021\/05\/Nous-768x768.png 768w\" sizes=\"(max-width: 363px) 100vw, 363px\" \/><\/figure><\/div>\n\n\n\n<p>Fond\u00e9 au printemps 2020 par JC, Interg\u00e9n\u00e9RAPtions a pour but de promouvoir la culture rap aux amoureux de ce style musical.<\/p>\n\n\n\n<p>Rejoint par une \u00e9quipe de plusieurs personnes dont certaines sont des proches, ce m\u00e9dia qui \u00e9tait uniquement sur Twitter s\u2019est d\u00e9velopp\u00e9 sur les autres r\u00e9seaux sociaux (Instagram, Facebook&#8230;), produit du contenu Vid\u00e9o sur YouTube, et essaie \u00e9galement de faire d\u00e9couvrir des artistes \u00e9mergents via des playlists musicales ou des concours ouverts \u00e0 tous!<\/p>\n\n\n\n<p>Pierre et Julien s\u2019occupe de Facebook et YouTube, Mirel est le graphiste de l\u2019\u00e9quipe et Nathan est le r\u00e9dacteur en chef!<\/p>\n\n\n\n<p>Toute cette \u00e9quipe a pour devise: <em>\u00ab&nbsp;Le rap, c\u2019\u00e9tait pas mieux avant! C\u2019est pas mieux maintenant! C\u2019est mieux tout le temps!&nbsp;\u00bb&nbsp;<\/em><\/p>\n","protected":false},"excerpt":{"rendered":"<p>Fond\u00e9 au printemps 2020 par JC, Interg\u00e9n\u00e9RAPtions a pour but de promouvoir la culture rap aux amoureux de ce style musical. Rejoint par une \u00e9quipe de plusieurs personnes dont certaines sont des proches, ce m\u00e9dia qui \u00e9tait uniquement sur Twitter s\u2019est d\u00e9velopp\u00e9 sur les autres r\u00e9seaux sociaux (Instagram, Facebook&#8230;), produit du contenu Vid\u00e9o sur YouTube, [&hellip;]<\/p>\n","protected":false},"author":1,"featured_media":0,"parent":0,"menu_order":0,"comment_status":"closed","ping_status":"closed","template":"","meta":{"sfsi_plus_gutenberg_text_before_share":"","sfsi_plus_gutenberg_show_text_before_share":"","sfsi_plus_gutenberg_icon_type":"","sfsi_plus_gutenberg_icon_alignemt":"","sfsi_plus_gutenburg_max_per_row":""},"yoast_head":"<!-- This site is optimized with the Yoast SEO plugin v21.8.1 - https:\/\/yoast.com\/wordpress\/plugins\/seo\/ -->\n<title>\u00c0 Propos ~ Interg\u00e9n\u00e9RAPtions<\/title>\n<meta name=\"robots\" content=\"index, follow, max-snippet:-1, max-image-preview:large, max-video-preview:-1\" \/>\n<link rel=\"canonical\" href=\"https:\/\/www.intergeneraptions.fr\/index.php\/a-propos\/\" \/>\n<meta property=\"og:locale\" content=\"fr_FR\" \/>\n<meta property=\"og:type\" content=\"article\" \/>\n<meta property=\"og:title\" content=\"\u00c0 Propos ~ Interg\u00e9n\u00e9RAPtions\" \/>\n<meta property=\"og:description\" content=\"Fond\u00e9 au printemps 2020 par JC, Interg\u00e9n\u00e9RAPtions a pour but de promouvoir la culture rap aux amoureux de ce style musical. Rejoint par une \u00e9quipe de plusieurs personnes dont certaines sont des proches, ce m\u00e9dia qui \u00e9tait uniquement sur Twitter s\u2019est d\u00e9velopp\u00e9 sur les autres r\u00e9seaux sociaux (Instagram, Facebook&#8230;), produit du contenu Vid\u00e9o sur YouTube, [&hellip;]\" \/>\n<meta property=\"og:url\" content=\"https:\/\/www.intergeneraptions.fr\/index.php\/a-propos\/\" \/>\n<meta property=\"og:site_name\" content=\"Interg\u00e9n\u00e9RAPtions\" \/>\n<meta property=\"article:publisher\" content=\"https:\/\/www.facebook.com\/groups\/356667288938395\/\" \/>\n<meta property=\"article:modified_time\" content=\"2021-05-19T14:37:25+00:00\" \/>\n<meta property=\"og:image\" content=\"http:\/\/diulbsi.cluster030.hosting.ovh.net\/wp-content\/uploads\/2021\/05\/Nous.png\" \/>\n<meta name=\"twitter:card\" content=\"summary_large_image\" \/>\n<meta name=\"twitter:site\" content=\"@geneRAPtions\" \/>\n<meta name=\"twitter:label1\" content=\"Dur\u00e9e de lecture estim\u00e9e\" \/>\n\t<meta name=\"twitter:data1\" content=\"1 minute\" \/>\n<script type=\"application\/ld+json\" class=\"yoast-schema-graph\">{\"@context\":\"https:\/\/schema.org\",\"@graph\":[{\"@type\":\"WebPage\",\"@id\":\"https:\/\/www.intergeneraptions.fr\/index.php\/a-propos\/\",\"url\":\"https:\/\/www.intergeneraptions.fr\/index.php\/a-propos\/\",\"name\":\"\u00c0 Propos ~ Interg\u00e9n\u00e9RAPtions\",\"isPartOf\":{\"@id\":\"https:\/\/www.intergeneraptions.fr\/#website\"},\"datePublished\":\"2021-04-16T15:48:33+00:00\",\"dateModified\":\"2021-05-19T14:37:25+00:00\",\"breadcrumb\":{\"@id\":\"https:\/\/www.intergeneraptions.fr\/index.php\/a-propos\/#breadcrumb\"},\"inLanguage\":\"fr-FR\",\"potentialAction\":[{\"@type\":\"ReadAction\",\"target\":[\"https:\/\/www.intergeneraptions.fr\/index.php\/a-propos\/\"]}]},{\"@type\":\"BreadcrumbList\",\"@id\":\"https:\/\/www.intergeneraptions.fr\/index.php\/a-propos\/#breadcrumb\",\"itemListElement\":[{\"@type\":\"ListItem\",\"position\":1,\"name\":\"Accueil\",\"item\":\"https:\/\/www.intergeneraptions.fr\/\"},{\"@type\":\"ListItem\",\"position\":2,\"name\":\"\u00c0 Propos\"}]},{\"@type\":\"WebSite\",\"@id\":\"https:\/\/www.intergeneraptions.fr\/#website\",\"url\":\"https:\/\/www.intergeneraptions.fr\/\",\"name\":\"Interg\u00e9n\u00e9RAPtions\",\"description\":\"Le rap, c\u2019\u00e9tait pas mieux avant ! C\u2019est mieux tout le temps !\",\"publisher\":{\"@id\":\"https:\/\/www.intergeneraptions.fr\/#organization\"},\"potentialAction\":[{\"@type\":\"SearchAction\",\"target\":{\"@type\":\"EntryPoint\",\"urlTemplate\":\"https:\/\/www.intergeneraptions.fr\/?s={search_term_string}\"},\"query-input\":\"required name=search_term_string\"}],\"inLanguage\":\"fr-FR\"},{\"@type\":\"Organization\",\"@id\":\"https:\/\/www.intergeneraptions.fr\/#organization\",\"name\":\"interg\u00e9n\u00e9raptions\",\"url\":\"https:\/\/www.intergeneraptions.fr\/\",\"logo\":{\"@type\":\"ImageObject\",\"inLanguage\":\"fr-FR\",\"@id\":\"https:\/\/www.intergeneraptions.fr\/#\/schema\/logo\/image\/\",\"url\":\"https:\/\/www.intergeneraptions.fr\/wp-content\/uploads\/2021\/09\/70ED2AAD-E4F0-432B-B087-18C64C84BBFC.png\",\"contentUrl\":\"https:\/\/www.intergeneraptions.fr\/wp-content\/uploads\/2021\/09\/70ED2AAD-E4F0-432B-B087-18C64C84BBFC.png\",\"width\":800,\"height\":800,\"caption\":\"interg\u00e9n\u00e9raptions\"},\"image\":{\"@id\":\"https:\/\/www.intergeneraptions.fr\/#\/schema\/logo\/image\/\"},\"sameAs\":[\"https:\/\/www.facebook.com\/groups\/356667288938395\/\",\"https:\/\/twitter.com\/geneRAPtions\",\"https:\/\/www.instagram.com\/intergeneraptions\/\",\"https:\/\/www.youtube.com\/channel\/UCmhtTzMznDIWcXqBiviQhbA\"]}]}<\/script>\n<!-- \/ Yoast SEO plugin. -->","yoast_head_json":{"title":"\u00c0 Propos ~ Interg\u00e9n\u00e9RAPtions","robots":{"index":"index","follow":"follow","max-snippet":"max-snippet:-1","max-image-preview":"max-image-preview:large","max-video-preview":"max-video-preview:-1"},"canonical":"https:\/\/www.intergeneraptions.fr\/index.php\/a-propos\/","og_locale":"fr_FR","og_type":"article","og_title":"\u00c0 Propos ~ Interg\u00e9n\u00e9RAPtions","og_description":"Fond\u00e9 au printemps 2020 par JC, Interg\u00e9n\u00e9RAPtions a pour but de promouvoir la culture rap aux amoureux de ce style musical. Rejoint par une \u00e9quipe de plusieurs personnes dont certaines sont des proches, ce m\u00e9dia qui \u00e9tait uniquement sur Twitter s\u2019est d\u00e9velopp\u00e9 sur les autres r\u00e9seaux sociaux (Instagram, Facebook&#8230;), produit du contenu Vid\u00e9o sur YouTube, [&hellip;]","og_url":"https:\/\/www.intergeneraptions.fr\/index.php\/a-propos\/","og_site_name":"Interg\u00e9n\u00e9RAPtions","article_publisher":"https:\/\/www.facebook.com\/groups\/356667288938395\/","article_modified_time":"2021-05-19T14:37:25+00:00","og_image":[{"url":"http:\/\/diulbsi.cluster030.hosting.ovh.net\/wp-content\/uploads\/2021\/05\/Nous.png"}],"twitter_card":"summary_large_image","twitter_site":"@geneRAPtions","twitter_misc":{"Dur\u00e9e de lecture estim\u00e9e":"1 minute"},"schema":{"@context":"https:\/\/schema.org","@graph":[{"@type":"WebPage","@id":"https:\/\/www.intergeneraptions.fr\/index.php\/a-propos\/","url":"https:\/\/www.intergeneraptions.fr\/index.php\/a-propos\/","name":"\u00c0 Propos ~ Interg\u00e9n\u00e9RAPtions","isPartOf":{"@id":"https:\/\/www.intergeneraptions.fr\/#website"},"datePublished":"2021-04-16T15:48:33+00:00","dateModified":"2021-05-19T14:37:25+00:00","breadcrumb":{"@id":"https:\/\/www.intergeneraptions.fr\/index.php\/a-propos\/#breadcrumb"},"inLanguage":"fr-FR","potentialAction":[{"@type":"ReadAction","target":["https:\/\/www.intergeneraptions.fr\/index.php\/a-propos\/"]}]},{"@type":"BreadcrumbList","@id":"https:\/\/www.intergeneraptions.fr\/index.php\/a-propos\/#breadcrumb","itemListElement":[{"@type":"ListItem","position":1,"name":"Accueil","item":"https:\/\/www.intergeneraptions.fr\/"},{"@type":"ListItem","position":2,"name":"\u00c0 Propos"}]},{"@type":"WebSite","@id":"https:\/\/www.intergeneraptions.fr\/#website","url":"https:\/\/www.intergeneraptions.fr\/","name":"Interg\u00e9n\u00e9RAPtions","description":"Le rap, c\u2019\u00e9tait pas mieux avant ! C\u2019est mieux tout le temps !","publisher":{"@id":"https:\/\/www.intergeneraptions.fr\/#organization"},"potentialAction":[{"@type":"SearchAction","target":{"@type":"EntryPoint","urlTemplate":"https:\/\/www.intergeneraptions.fr\/?s={search_term_string}"},"query-input":"required name=search_term_string"}],"inLanguage":"fr-FR"},{"@type":"Organization","@id":"https:\/\/www.intergeneraptions.fr\/#organization","name":"interg\u00e9n\u00e9raptions","url":"https:\/\/www.intergeneraptions.fr\/","logo":{"@type":"ImageObject","inLanguage":"fr-FR","@id":"https:\/\/www.intergeneraptions.fr\/#\/schema\/logo\/image\/","url":"https:\/\/www.intergeneraptions.fr\/wp-content\/uploads\/2021\/09\/70ED2AAD-E4F0-432B-B087-18C64C84BBFC.png","contentUrl":"https:\/\/www.intergeneraptions.fr\/wp-content\/uploads\/2021\/09\/70ED2AAD-E4F0-432B-B087-18C64C84BBFC.png","width":800,"height":800,"caption":"interg\u00e9n\u00e9raptions"},"image":{"@id":"https:\/\/www.intergeneraptions.fr\/#\/schema\/logo\/image\/"},"sameAs":["https:\/\/www.facebook.com\/groups\/356667288938395\/","https:\/\/twitter.com\/geneRAPtions","https:\/\/www.instagram.com\/intergeneraptions\/","https:\/\/www.youtube.com\/channel\/UCmhtTzMznDIWcXqBiviQhbA"]}]}},"jetpack_sharing_enabled":true,"_links":{"self":[{"href":"https:\/\/www.intergeneraptions.fr\/index.php\/wp-json\/wp\/v2\/pages\/8"}],"collection":[{"href":"https:\/\/www.intergeneraptions.fr\/index.php\/wp-json\/wp\/v2\/pages"}],"about":[{"href":"https:\/\/www.intergeneraptions.fr\/index.php\/wp-json\/wp\/v2\/types\/page"}],"author":[{"embeddable":true,"href":"https:\/\/www.intergeneraptions.fr\/index.php\/wp-json\/wp\/v2\/users\/1"}],"replies":[{"embeddable":true,"href":"https:\/\/www.intergeneraptions.fr\/index.php\/wp-json\/wp\/v2\/comments?post=8"}],"version-history":[{"count":3,"href":"https:\/\/www.intergeneraptions.fr\/index.php\/wp-json\/wp\/v2\/pages\/8\/revisions"}],"predecessor-version":[{"id":218,"href":"https:\/\/www.intergeneraptions.fr\/index.php\/wp-json\/wp\/v2\/pages\/8\/revisions\/218"}],"wp:attachment":[{"href":"https:\/\/www.intergeneraptions.fr\/index.php\/wp-json\/wp\/v2\/media?parent=8"}],"curies":[{"name":"wp","href":"https:\/\/api.w.org\/{rel}","templated":true}]}}